{"id":51,"date":"2023-05-14T00:30:35","date_gmt":"2023-05-14T00:30:35","guid":{"rendered":"https:\/\/tmlopezrios.com\/?page_id=51"},"modified":"2023-05-14T00:31:14","modified_gmt":"2023-05-14T00:31:14","slug":"privacidad","status":"publish","type":"page","link":"https:\/\/tmlopezrios.com\/?page_id=51","title":{"rendered":"Privacidad"},"content":{"rendered":"<p>[et_pb_section fb_built=&#8221;1&#8243; admin_label=&#8221;Header&#8221; _builder_version=&#8221;4.20.4&#8243; background_color=&#8221;#3E5DAA&#8221; background_image=&#8221;https:\/\/tmlopezrios.com\/wp-content\/uploads\/2023\/05\/transportation-services-18.png&#8221; background_size=&#8221;initial&#8221; background_position=&#8221;bottom_left&#8221; background_blend=&#8221;multiply&#8221; hover_enabled=&#8221;0&#8243; global_colors_info=&#8221;{}&#8221; theme_builder_area=&#8221;post_content&#8221; sticky_enabled=&#8221;0&#8243;][et_pb_row _builder_version=&#8221;4.16&#8243; global_colors_info=&#8221;{}&#8221; theme_builder_area=&#8221;post_content&#8221;][et_pb_column type=&#8221;4_4&#8243; _builder_version=&#8221;4.16&#8243; custom_padding=&#8221;|||&#8221; global_colors_info=&#8221;{}&#8221; custom_padding__hover=&#8221;|||&#8221; theme_builder_area=&#8221;post_content&#8221;][et_pb_text ul_type=&#8221;circle&#8221; _builder_version=&#8221;4.20.4&#8243; text_font=&#8221;Montserrat||||||||&#8221; text_font_size=&#8221;18px&#8221; text_line_height=&#8221;2em&#8221; ul_font=&#8221;||||||||&#8221; ul_font_size=&#8221;18px&#8221; ul_line_height=&#8221;2em&#8221; header_font=&#8221;Montserrat|700|||||||&#8221; header_font_size=&#8221;50px&#8221; header_line_height=&#8221;1.2em&#8221; text_orientation=&#8221;center&#8221; background_layout=&#8221;dark&#8221; hover_enabled=&#8221;0&#8243; header_font_size_tablet=&#8221;40px&#8221; header_font_size_phone=&#8221;28px&#8221; header_font_size_last_edited=&#8221;on|phone&#8221; global_colors_info=&#8221;{}&#8221; theme_builder_area=&#8221;post_content&#8221; sticky_enabled=&#8221;0&#8243;]<\/p>\n<h1>Aviso de Privacidad<\/h1>\n<p><span>Protecci\u00f3n y uso responsable de sus datos personales<\/span><\/p>\n<p>[\/et_pb_text][\/et_pb_column][\/et_pb_row][\/et_pb_section][et_pb_section fb_built=&#8221;1&#8243; admin_label=&#8221;Contact us&#8221; _builder_version=&#8221;4.16&#8243; background_image=&#8221;https:\/\/tmlopezrios.com\/wp-content\/uploads\/2023\/05\/transportation-services-05.png&#8221; background_size=&#8221;initial&#8221; background_position=&#8221;top_left&#8221; global_colors_info=&#8221;{}&#8221; theme_builder_area=&#8221;post_content&#8221; custom_padding=&#8221;24px|||||&#8221;][et_pb_row padding_top_bottom_link_2=&#8221;true&#8221; padding_left_right_link_2=&#8221;true&#8221; _builder_version=&#8221;4.16&#8243; global_colors_info=&#8221;{}&#8221; theme_builder_area=&#8221;post_content&#8221; custom_padding=&#8221;10px|||||&#8221;][et_pb_column type=&#8221;4_4&#8243; _builder_version=&#8221;4.16&#8243; custom_padding=&#8221;40px|||&#8221; custom_padding_tablet=&#8221;0px|||||false&#8221; custom_padding_phone=&#8221;|3vw||&#8221; custom_padding_last_edited=&#8221;on|desktop&#8221; global_colors_info=&#8221;{}&#8221; padding_phone=&#8221;|3vw||&#8221; padding_tablet=&#8221;0px|||||false&#8221; padding_last_edited=&#8221;on|desktop&#8221; custom_padding__hover=&#8221;|||&#8221; theme_builder_area=&#8221;post_content&#8221;][et_pb_text _builder_version=&#8221;4.20.4&#8243; text_font=&#8221;Montserrat||||||||&#8221; text_line_height=&#8221;1.8em&#8221; header_font=&#8221;||||||||&#8221; header_2_font=&#8221;Montserrat|700|||||||&#8221; header_2_font_size=&#8221;48px&#8221; header_2_line_height=&#8221;1.4em&#8221; max_width=&#8221;700px&#8221; module_alignment=&#8221;center&#8221; hover_enabled=&#8221;0&#8243; header_2_font_size_tablet=&#8221;38px&#8221; header_2_font_size_phone=&#8221;28px&#8221; header_2_font_size_last_edited=&#8221;on|phone&#8221; global_colors_info=&#8221;{}&#8221; theme_builder_area=&#8221;post_content&#8221; header_3_font=&#8221;Montserrat||||||||&#8221; sticky_enabled=&#8221;0&#8243; custom_margin=&#8221;||60px|||&#8221;]<\/p>\n<p>En cumplimiento de la Ley Federal de Protecci\u00f3n de Datos Personales en Posesi\u00f3n de Particulares (LFPDPPP) y dem\u00e1s normatividad aplicable en M\u00e9xico, Transportes y Maniobras L\u00f3pez Rios (en adelante, &#8220;nosotros&#8221; o &#8220;la empresa&#8221;), con domicilio en Rol. Canal Nacional 192-int 101, Fuentes Sta Anita, Santa Anita, Iztacalco, 08300 Ciudad de M\u00e9xico, CDMX, es responsable de recabar sus datos personales, del uso que se le d\u00e9 a los mismos y de su protecci\u00f3n.<\/p>\n<h3>Finalidad del tratamiento de datos personales<\/h3>\n<p>Los datos personales que recabamos son utilizados con el prop\u00f3sito de brindarle informaci\u00f3n sobre nuestros servicios, atender sus consultas, proporcionar cotizaciones, llevar a cabo procesos de contrataci\u00f3n, facturaci\u00f3n, uso de mercadeo y prospecci\u00f3n comercial, y, en general, para la gesti\u00f3n adecuada de nuestra relaci\u00f3n comercial.<\/p>\n<h3>Datos personales recabados<\/h3>\n<p>Los datos personales que podemos recabar incluyen, de manera enunciativa pero no limitativa, su nombre, direcci\u00f3n de correo electr\u00f3nico, n\u00famero de tel\u00e9fono, informaci\u00f3n de contacto, informaci\u00f3n de la empresa y cualquier otro dato necesario para cumplir con los fines antes mencionados.<\/p>\n<h3>Medidas de seguridad<\/h3>\n<p>La empresa se compromete a adoptar las medidas de seguridad necesarias y adecuadas para proteger sus datos personales y evitar su alteraci\u00f3n, p\u00e9rdida, acceso no autorizado o uso indebido.<\/p>\n<h3>Transferencia de datos<\/h3>\n<p>Sus datos personales podr\u00e1n ser transferidos a terceros \u00fanicamente cuando sea necesario para cumplir con los fines establecidos en este aviso de privacidad, siempre respetando los principios de protecci\u00f3n de datos previstos por la legislaci\u00f3n mexicana.<\/p>\n<h3>Derechos ARCO<\/h3>\n<p>Usted tiene derecho a acceder a sus datos personales en posesi\u00f3n de la empresa, rectificarlos en caso de ser inexactos o incompletos, cancelarlos cuando considere que no se requieren para las finalidades se\u00f1aladas en este aviso de privacidad, u oponerse al tratamiento de los mismos por causa leg\u00edtima. Para ejercer cualquiera de estos derechos, por favor, cont\u00e1ctenos a trav\u00e9s del correo electr\u00f3nico <a href=\"mailto:info@tmlopezrios.com\" target=\"_new\" rel=\"noopener\">info@tmlopezrios.com<\/a>.<\/p>\n<h3>Cambios al aviso de privacidad<\/h3>\n<p>La empresa se reserva el derecho de realizar modificaciones o actualizaciones a este aviso de privacidad en cualquier momento, de acuerdo con las necesidades propias o por cambios en la legislaci\u00f3n aplicable. Cualquier modificaci\u00f3n se publicar\u00e1 en la siguiente URL: <a href=\"https:\/\/tmlopezrios.com\/privacidad\" target=\"_new\" rel=\"noopener\">https:\/\/tmlopezrios.com\/privacidad<\/a>.<\/p>\n<h3>Consentimiento<\/h3>\n<p>Al proporcionar sus datos personales, usted manifiesta haber le\u00eddo y entendido el presente aviso de privacidad, otorgando su consentimiento expreso para el tratamiento de sus datos conforme a los fines establecidos en el mismo, incluyendo el uso de mercadeo y prospecci\u00f3n comercial.<\/p>\n<p>Fecha de \u00faltima actualizaci\u00f3n: 01 de mayo de 2023<\/p>\n<p>Para cualquier duda o aclaraci\u00f3n respecto a nuestro aviso de privacidad, le invitamos a ponerse en contacto con nosotros a trav\u00e9s del correo electr\u00f3nico <a href=\"mailto:info@tmlopezrios.com\" target=\"_new\" rel=\"noopener\">info@tmlopezrios.com<\/a>.<\/p>\n<p>Atentamente,<\/p>\n<p>Transportes y Maniobras L\u00f3pez Rios<\/p>\n<p>[\/et_pb_text][et_pb_blurb title=&#8221;Prol. Canal Nacional 192-int 101, Fuentes Sta Anita, Santa Anita, Iztacalco, 08300 Ciudad de M\u00e9xico, CDMX&#8221; use_icon=&#8221;on&#8221; font_icon=&#8221;&#xe081;||divi||400&#8243; icon_color=&#8221;#3E5DAA&#8221; icon_placement=&#8221;left&#8221; _builder_version=&#8221;4.20.4&#8243; header_font=&#8221;Montserrat|700|||||||&#8221; header_font_size=&#8221;16px&#8221; header_line_height=&#8221;1.4em&#8221; body_font=&#8221;||||||||&#8221; body_line_height=&#8221;2em&#8221; text_orientation=&#8221;center&#8221; hover_enabled=&#8221;0&#8243; global_colors_info=&#8221;{}&#8221; theme_builder_area=&#8221;post_content&#8221; sticky_enabled=&#8221;0&#8243;][\/et_pb_blurb][et_pb_blurb title=&#8221;(55) 6976 8649&#8243; use_icon=&#8221;on&#8221; font_icon=&#8221;&#xe090;||divi||400&#8243; icon_color=&#8221;#3E5DAA&#8221; icon_placement=&#8221;left&#8221; _builder_version=&#8221;4.20.4&#8243; header_font=&#8221;Montserrat|700|||||||&#8221; header_font_size=&#8221;16px&#8221; header_line_height=&#8221;1.4em&#8221; body_font=&#8221;||||||||&#8221; body_line_height=&#8221;2em&#8221; text_orientation=&#8221;center&#8221; hover_enabled=&#8221;0&#8243; global_colors_info=&#8221;{}&#8221; theme_builder_area=&#8221;post_content&#8221; sticky_enabled=&#8221;0&#8243;][\/et_pb_blurb][et_pb_blurb title=&#8221;info@tmlopezrios.com&#8221; use_icon=&#8221;on&#8221; font_icon=&#8221;&#xe076;||divi||400&#8243; icon_color=&#8221;#3E5DAA&#8221; icon_placement=&#8221;left&#8221; _builder_version=&#8221;4.20.4&#8243; header_font=&#8221;Montserrat|700|||||||&#8221; header_font_size=&#8221;16px&#8221; header_line_height=&#8221;1.4em&#8221; body_font=&#8221;||||||||&#8221; body_line_height=&#8221;2em&#8221; text_orientation=&#8221;center&#8221; hover_enabled=&#8221;0&#8243; global_colors_info=&#8221;{}&#8221; theme_builder_area=&#8221;post_content&#8221; sticky_enabled=&#8221;0&#8243;][\/et_pb_blurb][\/et_pb_column][\/et_pb_row][\/et_pb_section]<\/p>\n","protected":false},"excerpt":{"rendered":"<p>Aviso de Privacidad Protecci\u00f3n y uso responsable de sus datos personalesEn cumplimiento de la Ley Federal de Protecci\u00f3n de Datos Personales en Posesi\u00f3n de Particulares (LFPDPPP) y dem\u00e1s normatividad aplicable en M\u00e9xico, Transportes y Maniobras L\u00f3pez Rios (en adelante, &#8220;nosotros&#8221; o &#8220;la empresa&#8221;), con domicilio en Rol. Canal Nacional 192-int 101, Fuentes Sta Anita, Santa [&hellip;]<\/p>\n","protected":false},"author":1,"featured_media":0,"parent":0,"menu_order":0,"comment_status":"closed","ping_status":"closed","template":"","meta":{"_et_pb_use_builder":"on","_et_pb_old_content":"","_et_gb_content_width":"","_monsterinsights_skip_tracking":false,"_monsterinsights_sitenote_active":false,"_monsterinsights_sitenote_note":"","_monsterinsights_sitenote_category":0,"footnotes":"","_joinchat":[]},"_links":{"self":[{"href":"https:\/\/tmlopezrios.com\/index.php?rest_route=\/wp\/v2\/pages\/51"}],"collection":[{"href":"https:\/\/tmlopezrios.com\/index.php?rest_route=\/wp\/v2\/pages"}],"about":[{"href":"https:\/\/tmlopezrios.com\/index.php?rest_route=\/wp\/v2\/types\/page"}],"author":[{"embeddable":true,"href":"https:\/\/tmlopezrios.com\/index.php?rest_route=\/wp\/v2\/users\/1"}],"replies":[{"embeddable":true,"href":"https:\/\/tmlopezrios.com\/index.php?rest_route=%2Fwp%2Fv2%2Fcomments&post=51"}],"version-history":[{"count":2,"href":"https:\/\/tmlopezrios.com\/index.php?rest_route=\/wp\/v2\/pages\/51\/revisions"}],"predecessor-version":[{"id":56,"href":"https:\/\/tmlopezrios.com\/index.php?rest_route=\/wp\/v2\/pages\/51\/revisions\/56"}],"wp:attachment":[{"href":"https:\/\/tmlopezrios.com\/index.php?rest_route=%2Fwp%2Fv2%2Fmedia&parent=51"}],"curies":[{"name":"wp","href":"https:\/\/api.w.org\/{rel}","templated":true}]}}